{"id":2,"date":"2016-02-03T04:08:41","date_gmt":"2016-02-03T04:08:41","guid":{"rendered":"http:\/\/wp442m.a10-52-158-154.qa.plesk.ru\/wordpress\/?page_id=2"},"modified":"2016-06-12T10:26:11","modified_gmt":"2016-06-12T10:26:11","slug":"esprit-de-ce-blog","status":"publish","type":"page","link":"https:\/\/danielbuisson.com\/?page_id=2","title":{"rendered":"Esprit de ce blog"},"content":{"rendered":"<p>&nbsp;<\/p>\n<p>Bonjour,<\/p>\n<p>Toujours en \u00e9bullition cr\u00e9ative et en recherche de perfection, la cr\u00e9ation de ce blog m&rsquo;est apparue n\u00e9cessaire\u00a0pour permettre aux d\u00e9butants de comprendre les bases de l&rsquo;entretien des armes de comp\u00e9tion en \u00e9vitant de chercher des r\u00e9ponses sans toujours trouver les bonnes.<\/p>\n<p>Il y a d\u00e9j\u00e0 d&rsquo;excellents blogs de tireurs confirm\u00e9s, passionnants et instructifs, \u00a0que je mettrai au fur et \u00e0 mesure de mes d\u00e9couvertes dans les liens de ce site.<\/p>\n<p>Il y a aussi des forums ultra pertinents avec des sp\u00e9cialistes de tr\u00e8s haut niveau, mais qui sont souvent, h\u00e9las pollu\u00e9s&#8230;<\/p>\n<p>Donc ici, ce sera un espace de calme volupt\u00e9 ou je ferai appel aux meilleurs tireurs pour parler de sujets qui leur tiennent \u00e0 c\u0153ur ou que je ne m\u00e9trise pas encore.<\/p>\n<p>Bien amicalement \u00e0 vous,<br \/>\nDaniel Buisson<\/p>\n","protected":false},"excerpt":{"rendered":"<p>&nbsp; Bonjour, Toujours en \u00e9bullition cr\u00e9ative et en recherche de perfection, la cr\u00e9ation de ce blog m&rsquo;est apparue n\u00e9cessaire\u00a0pour permettre aux d\u00e9butants de comprendre les bases de l&rsquo;entretien des armes de comp\u00e9tion en \u00e9vitant de chercher des r\u00e9ponses sans toujours trouver les bonnes. Il y a d\u00e9j\u00e0 d&rsquo;excellents blogs de tireurs confirm\u00e9s, passionnants et instructifs, &hellip;<\/p>\n<p class=\"read-more\"> <a class=\"\" href=\"https:\/\/danielbuisson.com\/?page_id=2\"> <span class=\"screen-reader-text\">Esprit de ce blog<\/span> Lire la suite\u00a0\u00bb<\/a><\/p>\n","protected":false},"author":1,"featured_media":0,"parent":0,"menu_order":0,"comment_status":"closed","ping_status":"closed","template":"","meta":{"_sitemap_exclude":false,"_sitemap_priority":"","_sitemap_frequency":"","site-sidebar-layout":"default","site-content-layout":"default","ast-global-header-display":"","ast-main-header-display":"","ast-hfb-above-header-display":"","ast-hfb-below-header-display":"","ast-hfb-mobile-header-display":"","site-post-title":"","ast-breadcrumbs-content":"","ast-featured-img":"","footer-sml-layout":"","theme-transparent-header-meta":"","adv-header-id-meta":"","stick-header-meta":"","header-above-stick-meta":"","header-main-stick-meta":"","header-below-stick-meta":"","footnotes":""},"class_list":["post-2","page","type-page","status-publish","hentry"],"_links":{"self":[{"href":"https:\/\/danielbuisson.com\/index.php?rest_route=\/wp\/v2\/pages\/2","targetHints":{"allow":["GET"]}}],"collection":[{"href":"https:\/\/danielbuisson.com\/index.php?rest_route=\/wp\/v2\/pages"}],"about":[{"href":"https:\/\/danielbuisson.com\/index.php?rest_route=\/wp\/v2\/types\/page"}],"author":[{"embeddable":true,"href":"https:\/\/danielbuisson.com\/index.php?rest_route=\/wp\/v2\/users\/1"}],"replies":[{"embeddable":true,"href":"https:\/\/danielbuisson.com\/index.php?rest_route=%2Fwp%2Fv2%2Fcomments&post=2"}],"version-history":[{"count":6,"href":"https:\/\/danielbuisson.com\/index.php?rest_route=\/wp\/v2\/pages\/2\/revisions"}],"predecessor-version":[{"id":44,"href":"https:\/\/danielbuisson.com\/index.php?rest_route=\/wp\/v2\/pages\/2\/revisions\/44"}],"wp:attachment":[{"href":"https:\/\/danielbuisson.com\/index.php?rest_route=%2Fwp%2Fv2%2Fmedia&parent=2"}],"curies":[{"name":"wp","href":"https:\/\/api.w.org\/{rel}","templated":true}]}}