{"id":762,"date":"2026-01-25T12:42:02","date_gmt":"2026-01-25T12:42:02","guid":{"rendered":"https:\/\/danielbuisson.com\/?page_id=762"},"modified":"2026-01-25T12:42:02","modified_gmt":"2026-01-25T12:42:02","slug":"a-propos-de-ce-site","status":"publish","type":"page","link":"https:\/\/danielbuisson.com\/?page_id=762","title":{"rendered":"A propos de ce site"},"content":{"rendered":"\n<h3 class=\"wp-block-heading\">Au sujet de danielbuisson.com<\/h3>\n\n\n\n<blockquote class=\"wp-block-quote is-layout-flow wp-block-quote-is-layout-flow\">\n<p>danielbuisson.com est un site de vulgarisation et d\u2019expertise d\u00e9di\u00e9 au tir de pr\u00e9cision.<\/p>\n\n\n\n<p>Cr\u00e9\u00e9 par Daniel Buisson, fondateur du Club 50-60, ce site a pour vocation de transmettre une exp\u00e9rience acquise sur le pas de tir, au fil des ann\u00e9es de pratique, de tests et de comp\u00e9titions.<\/p>\n\n\n\n<p>Ici, il n\u2019est pas question de vendre, mais de comprendre, d\u2019expliquer et de progresser. On y retrouve des analyses techniques, des conseils concrets, des retours d\u2019exp\u00e9rience et des pistes de r\u00e9flexion destin\u00e9es aux tireurs souhaitant affiner leur pratique du tir de pr\u00e9cision, notamment en .22 Long Rifle.<\/p>\n\n\n\n<p>Ce site \u00e9ditorial fait pleinement partie de l\u2019\u00e9cosyst\u00e8me Club 50-60, r\u00e9f\u00e9rence du tir de pr\u00e9cision depuis 2013. Il en constitue le prolongement naturel, sous la forme d\u2019un magazine ind\u00e9pendant, libre de ton et centr\u00e9 sur le partage de connaissances.<\/p>\n\n\n\n<p>Le tir de pr\u00e9cision est une discipline exigeante, o\u00f9 l\u2019exp\u00e9rience compte autant que la technique. danielbuisson.com est n\u00e9 de cette conviction : transmettre pour faire progresser, sans artifice, avec rigueur et passion.<\/p>\n<\/blockquote>\n\n\n\n<p><br><strong>Daniel Buisson<\/strong><\/p>\n\n\n\n<p><\/p>\n","protected":false},"excerpt":{"rendered":"<p>Au sujet de danielbuisson.com danielbuisson.com est un site de vulgarisation et d\u2019expertise d\u00e9di\u00e9 au tir de pr\u00e9cision. Cr\u00e9\u00e9 par Daniel Buisson, fondateur du Club 50-60, ce site a pour vocation de transmettre une exp\u00e9rience acquise sur le pas de tir, au fil des ann\u00e9es de pratique, de tests et de comp\u00e9titions. Ici, il n\u2019est pas &hellip;<\/p>\n<p class=\"read-more\"> <a class=\"\" href=\"https:\/\/danielbuisson.com\/?page_id=762\"> <span class=\"screen-reader-text\">A propos de ce site<\/span> Lire la suite\u00a0\u00bb<\/a><\/p>\n","protected":false},"author":1,"featured_media":0,"parent":0,"menu_order":0,"comment_status":"closed","ping_status":"closed","template":"","meta":{"_sitemap_exclude":false,"_sitemap_priority":"","_sitemap_frequency":"","site-sidebar-layout":"default","site-content-layout":"default","ast-global-header-display":"","ast-main-header-display":"","ast-hfb-above-header-display":"","ast-hfb-below-header-display":"","ast-hfb-mobile-header-display":"","site-post-title":"","ast-breadcrumbs-content":"","ast-featured-img":"","footer-sml-layout":"","theme-transparent-header-meta":"","adv-header-id-meta":"","stick-header-meta":"","header-above-stick-meta":"","header-main-stick-meta":"","header-below-stick-meta":"","footnotes":""},"class_list":["post-762","page","type-page","status-publish","hentry"],"_links":{"self":[{"href":"https:\/\/danielbuisson.com\/index.php?rest_route=\/wp\/v2\/pages\/762","targetHints":{"allow":["GET"]}}],"collection":[{"href":"https:\/\/danielbuisson.com\/index.php?rest_route=\/wp\/v2\/pages"}],"about":[{"href":"https:\/\/danielbuisson.com\/index.php?rest_route=\/wp\/v2\/types\/page"}],"author":[{"embeddable":true,"href":"https:\/\/danielbuisson.com\/index.php?rest_route=\/wp\/v2\/users\/1"}],"replies":[{"embeddable":true,"href":"https:\/\/danielbuisson.com\/index.php?rest_route=%2Fwp%2Fv2%2Fcomments&post=762"}],"version-history":[{"count":2,"href":"https:\/\/danielbuisson.com\/index.php?rest_route=\/wp\/v2\/pages\/762\/revisions"}],"predecessor-version":[{"id":765,"href":"https:\/\/danielbuisson.com\/index.php?rest_route=\/wp\/v2\/pages\/762\/revisions\/765"}],"wp:attachment":[{"href":"https:\/\/danielbuisson.com\/index.php?rest_route=%2Fwp%2Fv2%2Fmedia&parent=762"}],"curies":[{"name":"wp","href":"https:\/\/api.w.org\/{rel}","templated":true}]}}